{"id":3281,"date":"2022-01-02T23:13:00","date_gmt":"2022-01-02T23:13:00","guid":{"rendered":"https:\/\/cybim.es\/wordpress\/?page_id=3281"},"modified":"2022-02-04T14:02:51","modified_gmt":"2022-02-04T14:02:51","slug":"es0102_sv_calcest","status":"publish","type":"page","link":"https:\/\/cybim.es\/wordpress\/es0102_sv_calcest\/","title":{"rendered":"ES0102_SV_CALCEST"},"content":{"rendered":"\t\t<div data-elementor-type=\"wp-page\" data-elementor-id=\"3281\" class=\"elementor elementor-3281\" data-elementor-post-type=\"page\">\n\t\t\t\t\t\t<section class=\"has_eae_slider elementor-section elementor-top-section elementor-element elementor-element-40ef137e elementor-section-boxed elementor-section-height-default elementor-section-height-default\" data-eae-slider=\"53238\" data-id=\"40ef137e\" data-element_type=\"section\" data-e-type=\"section\">\n\t\t\t\t\t\t<div class=\"elementor-container elementor-column-gap-default\">\n\t\t\t\t\t<div class=\"has_eae_slider elementor-column elementor-col-100 elementor-top-column elementor-element elementor-element-285f38bc\" data-eae-slider=\"11802\" data-id=\"285f38bc\" data-element_type=\"column\" data-e-type=\"column\">\n\t\t\t<div class=\"elementor-widget-wrap elementor-element-populated\">\n\t\t\t\t\t\t<div class=\"elementor-element elementor-element-641c4df6 elementor-widget elementor-widget-heading\" data-id=\"641c4df6\" data-element_type=\"widget\" data-e-type=\"widget\" data-widget_type=\"heading.default\">\n\t\t\t\t\t<h1 class=\"elementor-heading-title elementor-size-default\">ESTRUCTURAS \u2013 OBRA CIVIL<\/h1>\t\t\t\t<\/div>\n\t\t\t\t<div class=\"elementor-element elementor-element-0564e6a elementor-widget elementor-widget-text-editor\" data-id=\"0564e6a\" data-element_type=\"widget\" data-e-type=\"widget\" data-widget_type=\"text-editor.default\">\n\t\t\t\t\t\t\t\t\t<p style=\"text-align: center;\">Ofrecemos soluciones de ingenier\u00eda usando modelos inteligentes&#8230;<\/p>\n<p style=\"text-align: center;\">\n<\/p>\t\t\t\t\t\t\t\t<\/div>\n\t\t\t\t<div class=\"elementor-element elementor-element-ae21a99 elementor-skin-coverflow elementor-arrows-yes elementor-widget elementor-widget-media-carousel\" data-id=\"ae21a99\" data-element_type=\"widget\" data-e-type=\"widget\" data-settings=\"{&quot;space_between&quot;:{&quot;unit&quot;:&quot;px&quot;,&quot;size&quot;:2,&quot;sizes&quot;:[]},&quot;skin&quot;:&quot;coverflow&quot;,&quot;speed&quot;:1000,&quot;autoplay_speed&quot;:2500,&quot;show_arrows&quot;:&quot;yes&quot;,&quot;autoplay&quot;:&quot;yes&quot;,&quot;loop&quot;:&quot;yes&quot;,&quot;pause_on_interaction&quot;:&quot;yes&quot;,&quot;space_between_tablet&quot;:{&quot;unit&quot;:&quot;px&quot;,&quot;size&quot;:10,&quot;sizes&quot;:[]},&quot;space_between_mobile&quot;:{&quot;unit&quot;:&quot;px&quot;,&quot;size&quot;:10,&quot;sizes&quot;:[]}}\" data-widget_type=\"media-carousel.default\">\n\t\t\t\t\t\t\t\t\t\t<div class=\"elementor-main-swiper swiper\" role=\"region\" aria-roledescription=\"carousel\" aria-label=\"Slides\">\n\t\t\t\t<div class=\"swiper-wrapper\">\n\t\t\t\t\t\t\t\t\t\t\t<div class=\"swiper-slide\" role=\"group\" aria-roledescription=\"slide\">\n\t\t\t\t\t\t\t\t\t<div class=\"elementor-carousel-image\" role=\"img\" aria-label=\"TOMA FLOTANTE\" style=\"background-image: url(&#039;https:\/\/cybim.es\/wordpress\/wp-content\/uploads\/BALSA-DE-CAPTACION.png&#039;)\">\n\n\t\t\t\n\t\t\t\t\t<\/div>\n\t\t\t\t\t\t\t\t<\/div>\n\t\t\t\t\t\t\t\t\t\t\t<div class=\"swiper-slide\" role=\"group\" aria-roledescription=\"slide\">\n\t\t\t\t\t\t\t\t\t<div class=\"elementor-carousel-image\" role=\"img\" aria-label=\"5529 Pasarela Torre de Prill MONTAJE 2\" style=\"background-image: url(&#039;https:\/\/cybim.es\/wordpress\/wp-content\/uploads\/5529-Pasarela-Torre-de-Prill-MONTAJE-2.png&#039;)\">\n\n\t\t\t\n\t\t\t\t\t<\/div>\n\t\t\t\t\t\t\t\t<\/div>\n\t\t\t\t\t\t\t\t\t\t\t<div class=\"swiper-slide\" role=\"group\" aria-roledescription=\"slide\">\n\t\t\t\t\t\t\t\t\t<div class=\"elementor-carousel-image\" role=\"img\" aria-label=\"cribas_P\u00e1gina_3\" style=\"background-image: url(&#039;https:\/\/cybim.es\/wordpress\/wp-content\/uploads\/2021\/10\/cribas_Pagina_3.png&#039;)\">\n\n\t\t\t\n\t\t\t\t\t<\/div>\n\t\t\t\t\t\t\t\t<\/div>\n\t\t\t\t\t\t\t\t\t\t\t<div class=\"swiper-slide\" role=\"group\" aria-roledescription=\"slide\">\n\t\t\t\t\t\t\t\t\t<div class=\"elementor-carousel-image\" role=\"img\" aria-label=\"Viviendas Coslada\" style=\"background-image: url(&#039;https:\/\/cybim.es\/wordpress\/wp-content\/uploads\/Viviendas-Coslada.png&#039;)\">\n\n\t\t\t\n\t\t\t\t\t<\/div>\n\t\t\t\t\t\t\t\t<\/div>\n\t\t\t\t\t\t\t\t\t\t\t<div class=\"swiper-slide\" role=\"group\" aria-roledescription=\"slide\">\n\t\t\t\t\t\t\t\t\t<div class=\"elementor-carousel-image\" role=\"img\" aria-label=\"5461-platforma 1\" style=\"background-image: url(&#039;https:\/\/cybim.es\/wordpress\/wp-content\/uploads\/5461-platforma-1.png&#039;)\">\n\n\t\t\t\n\t\t\t\t\t<\/div>\n\t\t\t\t\t\t\t\t<\/div>\n\t\t\t\t\t\t\t\t\t\t\t<div class=\"swiper-slide\" role=\"group\" aria-roledescription=\"slide\">\n\t\t\t\t\t\t\t\t\t<div class=\"elementor-carousel-image\" role=\"img\" aria-label=\"Imagen11\" style=\"background-image: url(&#039;https:\/\/cybim.es\/wordpress\/wp-content\/uploads\/Imagen11.jpg&#039;)\">\n\n\t\t\t\n\t\t\t\t\t<\/div>\n\t\t\t\t\t\t\t\t<\/div>\n\t\t\t\t\t\t\t\t\t<\/div>\n\t\t\t\t\t\t\t\t\t\t\t\t\t\t\t<div class=\"elementor-swiper-button elementor-swiper-button-prev\" role=\"button\" tabindex=\"0\" aria-label=\"Previous\">\n\t\t\t\t\t\t\t<svg aria-hidden=\"true\" class=\"e-font-icon-svg e-eicon-chevron-left\" viewBox=\"0 0 1000 1000\" xmlns=\"http:\/\/www.w3.org\/2000\/svg\"><path d=\"M646 125C629 125 613 133 604 142L308 442C296 454 292 471 292 487 292 504 296 521 308 533L604 854C617 867 629 875 646 875 663 875 679 871 692 858 704 846 713 829 713 812 713 796 708 779 692 767L438 487 692 225C700 217 708 204 708 187 708 171 704 154 692 142 675 129 663 125 646 125Z\"><\/path><\/svg>\t\t\t\t\t\t<\/div>\n\t\t\t\t\t\t<div class=\"elementor-swiper-button elementor-swiper-button-next\" role=\"button\" tabindex=\"0\" aria-label=\"Next\">\n\t\t\t\t\t\t\t<svg aria-hidden=\"true\" class=\"e-font-icon-svg e-eicon-chevron-right\" viewBox=\"0 0 1000 1000\" xmlns=\"http:\/\/www.w3.org\/2000\/svg\"><path d=\"M696 533C708 521 713 504 713 487 713 471 708 454 696 446L400 146C388 133 375 125 354 125 338 125 325 129 313 142 300 154 292 171 292 187 292 204 296 221 308 233L563 492 304 771C292 783 288 800 288 817 288 833 296 850 308 863 321 871 338 875 354 875 371 875 388 867 400 854L696 533Z\"><\/path><\/svg>\t\t\t\t\t\t<\/div>\n\t\t\t\t\t\t\t\t\t\t\t\t\t\t\t\t\t<\/div>\n\t\t\t\t\t\t\t\t<\/div>\n\t\t\t\t\t<\/div>\n\t\t<\/div>\n\t\t\t\t\t<\/div>\n\t\t<\/section>\n\t\t\t\t<section class=\"has_eae_slider elementor-section elementor-top-section elementor-element elementor-element-8a92985 elementor-section-boxed elementor-section-height-default elementor-section-height-default\" data-eae-slider=\"22512\" data-id=\"8a92985\" data-element_type=\"section\" data-e-type=\"section\">\n\t\t\t\t\t\t<div class=\"elementor-container elementor-column-gap-default\">\n\t\t\t\t\t<div class=\"has_eae_slider elementor-column elementor-col-50 elementor-top-column elementor-element elementor-element-83371c2\" data-eae-slider=\"16860\" data-id=\"83371c2\" data-element_type=\"column\" data-e-type=\"column\">\n\t\t\t<div class=\"elementor-widget-wrap elementor-element-populated\">\n\t\t\t\t\t\t<div class=\"elementor-element elementor-element-90a0e4d elementor-widget elementor-widget-heading\" data-id=\"90a0e4d\" data-element_type=\"widget\" data-e-type=\"widget\" data-widget_type=\"heading.default\">\n\t\t\t\t\t<h2 class=\"elementor-heading-title elementor-size-default\">C\u00c1LCULO ESTRUCTURAL<\/h2>\t\t\t\t<\/div>\n\t\t\t\t<div class=\"elementor-element elementor-element-e0cffe1 elementor-widget elementor-widget-text-editor\" data-id=\"e0cffe1\" data-element_type=\"widget\" data-e-type=\"widget\" data-widget_type=\"text-editor.default\">\n\t\t\t\t\t\t\t\t\t<ul>\n<li>Dise\u00f1o y concepci\u00f3n estructural<\/li>\n<\/ul>\n<ul>\n<li>Ingenier\u00eda B\u00e1sica y de detalle<\/li>\n<\/ul>\n<ul>\n<li>Predimensionamiento de elementos estructurales en licitaciones<\/li>\n<\/ul>\n<ul>\n<li>Reingenier\u00eda de estructuras<\/li>\n<\/ul>\n<ul>\n<li>C\u00e1lculo estructural especializado en plantas industriales<\/li>\n<\/ul>\n<ul>\n<li>Comparativa t\u00e9cnico-econ\u00f3mica de proyectos<\/li>\n<\/ul>\t\t\t\t\t\t\t\t<\/div>\n\t\t\t\t\t<\/div>\n\t\t<\/div>\n\t\t\t\t<div class=\"has_eae_slider elementor-column elementor-col-50 elementor-top-column elementor-element elementor-element-6e0925c\" data-eae-slider=\"46836\" data-id=\"6e0925c\" data-element_type=\"column\" data-e-type=\"column\">\n\t\t\t<div class=\"elementor-widget-wrap elementor-element-populated\">\n\t\t\t\t\t\t<div class=\"elementor-element elementor-element-e4360a0 elementor-widget elementor-widget-heading\" data-id=\"e4360a0\" data-element_type=\"widget\" data-e-type=\"widget\" data-widget_type=\"heading.default\">\n\t\t\t\t\t<h2 class=\"elementor-heading-title elementor-size-default\">OBRA CIVIL<\/h2>\t\t\t\t<\/div>\n\t\t\t\t<div class=\"elementor-element elementor-element-69cacb8 elementor-widget elementor-widget-text-editor\" data-id=\"69cacb8\" data-element_type=\"widget\" data-e-type=\"widget\" data-widget_type=\"text-editor.default\">\n\t\t\t\t\t\t\t\t\t<ul><li>Estudio de movimientos de tierra,\u00a0<\/li><li>Estudio de caminos de acceso. ASHTOO y norma espa\u00f1ola<\/li><li>Mejoras de terreno<\/li><li>Estudio hidrol\u00f3gicos y drenajes. Dimensionado de cunetas.<\/li><li>Elementos de contenci\u00f3n de carreteras, pasarelas<\/li><li>Cimentaciones especiales<\/li><\/ul>\t\t\t\t\t\t\t\t<\/div>\n\t\t\t\t\t<\/div>\n\t\t<\/div>\n\t\t\t\t\t<\/div>\n\t\t<\/section>\n\t\t\t\t<section class=\"has_eae_slider elementor-section elementor-top-section elementor-element elementor-element-2c2e0c1 elementor-section-content-space-around elementor-section-boxed elementor-section-height-default elementor-section-height-default\" data-eae-slider=\"4467\" data-id=\"2c2e0c1\" data-element_type=\"section\" data-e-type=\"section\">\n\t\t\t\t\t\t<div class=\"elementor-container elementor-column-gap-default\">\n\t\t\t\t\t<div class=\"has_eae_slider elementor-column elementor-col-100 elementor-top-column elementor-element elementor-element-8aed991\" data-eae-slider=\"19436\" data-id=\"8aed991\" data-element_type=\"column\" data-e-type=\"column\">\n\t\t\t<div class=\"elementor-widget-wrap elementor-element-populated\">\n\t\t\t\t\t\t<div class=\"elementor-element elementor-element-b6f2a40 elementor-grid-3 elementor-grid-tablet-2 elementor-grid-mobile-1 elementor-widget elementor-widget-portfolio\" data-id=\"b6f2a40\" data-element_type=\"widget\" data-e-type=\"widget\" data-settings=\"{&quot;masonry&quot;:&quot;yes&quot;,&quot;columns&quot;:&quot;3&quot;,&quot;columns_tablet&quot;:&quot;2&quot;,&quot;columns_mobile&quot;:&quot;1&quot;,&quot;item_gap&quot;:{&quot;unit&quot;:&quot;px&quot;,&quot;size&quot;:&quot;&quot;,&quot;sizes&quot;:[]},&quot;row_gap&quot;:{&quot;unit&quot;:&quot;px&quot;,&quot;size&quot;:&quot;&quot;,&quot;sizes&quot;:[]}}\" data-widget_type=\"portfolio.default\">\n\t\t\t\t<div class=\"elementor-widget-container\">\n\t\t\t\t\t\t\t<ul class=\"elementor-portfolio__filters\">\n\t\t\t<li class=\"elementor-portfolio__filter elementor-active\" tabindex=\"0\" data-filter=\"__all\">All<\/li>\n\t\t\t\t\t\t\t<li class=\"elementor-portfolio__filter\" tabindex=\"0\" data-filter=\"32\">Agua<\/li>\n\t\t\t\t\t\t\t<li class=\"elementor-portfolio__filter\" tabindex=\"0\" data-filter=\"28\">C\u00e1lculo estructural<\/li>\n\t\t\t\t\t\t\t<li class=\"elementor-portfolio__filter\" tabindex=\"0\" data-filter=\"36\">Depuraci\u00f3n<\/li>\n\t\t\t\t\t\t\t<li class=\"elementor-portfolio__filter\" tabindex=\"0\" data-filter=\"38\">Modelo de C\u00e1lculo<\/li>\n\t\t\t\t\t\t\t<li class=\"elementor-portfolio__filter\" tabindex=\"0\" data-filter=\"30\">Obra Civil<\/li>\n\t\t\t\t\t\t\t<li class=\"elementor-portfolio__filter\" tabindex=\"0\" data-filter=\"33\">Proyecto de estructura<\/li>\n\t\t\t\t\t<\/ul>\n\t\t\t\t<div class=\"elementor-portfolio elementor-grid elementor-posts-container\" role=\"list\">\n\t\t\t\t<article class=\"elementor-portfolio-item elementor-post elementor-filter-28 elementor-filter-36 elementor-filter-38 post-6125 cyb_projects type-cyb_projects status-publish has-post-thumbnail hentry tax_project_types-calculo_estructural tax_project_types-depuracion tax_project_types-modelo-de-calculo\" role=\"listitem\">\n\t\t\t<a class=\"elementor-post__thumbnail__link\" href=\"https:\/\/cybim.es\/wordpress\/cyb_projects\/decanter-metal-footbridge-l24-0m\/\">\n\t\t\t\t<div class=\"elementor-portfolio-item__img elementor-post__thumbnail\">\n\t\t\t<img fetchpriority=\"high\" decoding=\"async\" width=\"540\" height=\"580\" src=\"https:\/\/cybim.es\/wordpress\/wp-content\/uploads\/P042-PASARELA-LODON-24m-Qatar3.png\" class=\"attachment-full size-full wp-image-6130\" alt=\"\" srcset=\"https:\/\/cybim.es\/wordpress\/wp-content\/uploads\/P042-PASARELA-LODON-24m-Qatar3.png 540w, https:\/\/cybim.es\/wordpress\/wp-content\/uploads\/P042-PASARELA-LODON-24m-Qatar3-279x300.png 279w\" sizes=\"(max-width: 540px) 100vw, 540px\" \/>\t\t<\/div>\n\t\t\t\t<div class=\"elementor-portfolio-item__overlay\">\n\t\t\t\t<h3 class=\"elementor-portfolio-item__title\">\n\t\tDECANTER METAL FOOTBRIDGE L=24.0m\t\t<\/h3>\n\t\t\t\t<\/div>\n\t\t\t\t<\/a>\n\t\t<\/article>\n\t\t\t\t<article class=\"elementor-portfolio-item elementor-post elementor-filter-32 elementor-filter-28 elementor-filter-38 post-5758 cyb_projects type-cyb_projects status-publish has-post-thumbnail hentry tax_project_types-water tax_project_types-calculo_estructural tax_project_types-modelo-de-calculo\" role=\"listitem\">\n\t\t\t<a class=\"elementor-post__thumbnail__link\" href=\"https:\/\/cybim.es\/wordpress\/cyb_projects\/bottom-sweeper-decanting-lodon-o24m\/\">\n\t\t\t\t<div class=\"elementor-portfolio-item__img elementor-post__thumbnail\">\n\t\t\t<img decoding=\"async\" width=\"3734\" height=\"1413\" src=\"https:\/\/cybim.es\/wordpress\/wp-content\/uploads\/P039-Bottom-Sweeper1.png\" class=\"attachment-full size-full wp-image-5759\" alt=\"\" srcset=\"https:\/\/cybim.es\/wordpress\/wp-content\/uploads\/P039-Bottom-Sweeper1.png 3734w, https:\/\/cybim.es\/wordpress\/wp-content\/uploads\/P039-Bottom-Sweeper1-300x114.png 300w, https:\/\/cybim.es\/wordpress\/wp-content\/uploads\/P039-Bottom-Sweeper1-1024x387.png 1024w, https:\/\/cybim.es\/wordpress\/wp-content\/uploads\/P039-Bottom-Sweeper1-768x291.png 768w, https:\/\/cybim.es\/wordpress\/wp-content\/uploads\/P039-Bottom-Sweeper1-1536x581.png 1536w, https:\/\/cybim.es\/wordpress\/wp-content\/uploads\/P039-Bottom-Sweeper1-2048x775.png 2048w\" sizes=\"(max-width: 3734px) 100vw, 3734px\" \/>\t\t<\/div>\n\t\t\t\t<div class=\"elementor-portfolio-item__overlay\">\n\t\t\t\t<h3 class=\"elementor-portfolio-item__title\">\n\t\tBOTTOM SWEEPER DECANTING \u201cLODON\u201d \u00d824m\t\t<\/h3>\n\t\t\t\t<\/div>\n\t\t\t\t<\/a>\n\t\t<\/article>\n\t\t\t\t<article class=\"elementor-portfolio-item elementor-post elementor-filter-28 elementor-filter-38 elementor-filter-30 elementor-filter-33 post-5617 cyb_projects type-cyb_projects status-publish has-post-thumbnail hentry tax_project_types-calculo_estructural tax_project_types-modelo-de-calculo tax_project_types-civilworks tax_project_types-structure_project\" role=\"listitem\">\n\t\t\t<a class=\"elementor-post__thumbnail__link\" href=\"https:\/\/cybim.es\/wordpress\/cyb_projects\/cimentacion-tanque-tk-260-420000-glp\/\">\n\t\t\t\t<div class=\"elementor-portfolio-item__img elementor-post__thumbnail\">\n\t\t\t<img decoding=\"async\" width=\"567\" height=\"437\" src=\"https:\/\/cybim.es\/wordpress\/wp-content\/uploads\/P014-Cimentacion-Tanque-TK-260.png\" class=\"attachment-full size-full wp-image-5621\" alt=\"\" srcset=\"https:\/\/cybim.es\/wordpress\/wp-content\/uploads\/P014-Cimentacion-Tanque-TK-260.png 567w, https:\/\/cybim.es\/wordpress\/wp-content\/uploads\/P014-Cimentacion-Tanque-TK-260-300x231.png 300w\" sizes=\"(max-width: 567px) 100vw, 567px\" \/>\t\t<\/div>\n\t\t\t\t<div class=\"elementor-portfolio-item__overlay\">\n\t\t\t\t<h3 class=\"elementor-portfolio-item__title\">\n\t\tCIMENTACI\u00d3N TANQUE 380MB\t\t<\/h3>\n\t\t\t\t<\/div>\n\t\t\t\t<\/a>\n\t\t<\/article>\n\t\t\t\t<article class=\"elementor-portfolio-item elementor-post elementor-filter-28 elementor-filter-33 post-5298 cyb_projects type-cyb_projects status-publish has-post-thumbnail hentry tax_project_types-calculo_estructural tax_project_types-structure_project\" role=\"listitem\">\n\t\t\t<a class=\"elementor-post__thumbnail__link\" href=\"https:\/\/cybim.es\/wordpress\/cyb_projects\/planta-de-bioetanol-rack\/\">\n\t\t\t\t<div class=\"elementor-portfolio-item__img elementor-post__thumbnail\">\n\t\t\t<img loading=\"lazy\" decoding=\"async\" width=\"1280\" height=\"720\" src=\"https:\/\/cybim.es\/wordpress\/wp-content\/uploads\/003-Cimentacion-LAQ.png\" class=\"attachment-full size-full wp-image-5315\" alt=\"\" srcset=\"https:\/\/cybim.es\/wordpress\/wp-content\/uploads\/003-Cimentacion-LAQ.png 1280w, https:\/\/cybim.es\/wordpress\/wp-content\/uploads\/003-Cimentacion-LAQ-300x169.png 300w, https:\/\/cybim.es\/wordpress\/wp-content\/uploads\/003-Cimentacion-LAQ-1024x576.png 1024w, https:\/\/cybim.es\/wordpress\/wp-content\/uploads\/003-Cimentacion-LAQ-768x432.png 768w\" sizes=\"(max-width: 1280px) 100vw, 1280px\" \/>\t\t<\/div>\n\t\t\t\t<div class=\"elementor-portfolio-item__overlay\">\n\t\t\t\t<h3 class=\"elementor-portfolio-item__title\">\n\t\tCimentaci\u00f3n Rack &#8211; Planta bioetanol\t\t<\/h3>\n\t\t\t\t<\/div>\n\t\t\t\t<\/a>\n\t\t<\/article>\n\t\t\t\t<article class=\"elementor-portfolio-item elementor-post elementor-filter-28 elementor-filter-33 post-5280 cyb_projects type-cyb_projects status-publish has-post-thumbnail hentry tax_project_types-calculo_estructural tax_project_types-structure_project\" role=\"listitem\">\n\t\t\t<a class=\"elementor-post__thumbnail__link\" href=\"https:\/\/cybim.es\/wordpress\/cyb_projects\/ed-108-viviendas-locales-y-garaje\/\">\n\t\t\t\t<div class=\"elementor-portfolio-item__img elementor-post__thumbnail\">\n\t\t\t<img loading=\"lazy\" decoding=\"async\" width=\"661\" height=\"496\" src=\"https:\/\/cybim.es\/wordpress\/wp-content\/uploads\/Viviendas-Coslada2.png\" class=\"attachment-full size-full wp-image-2382\" alt=\"\" srcset=\"https:\/\/cybim.es\/wordpress\/wp-content\/uploads\/Viviendas-Coslada2.png 661w, https:\/\/cybim.es\/wordpress\/wp-content\/uploads\/Viviendas-Coslada2-300x225.png 300w\" sizes=\"(max-width: 661px) 100vw, 661px\" \/>\t\t<\/div>\n\t\t\t\t<div class=\"elementor-portfolio-item__overlay\">\n\t\t\t\t<h3 class=\"elementor-portfolio-item__title\">\n\t\tEd. residencial Coslada &#8211; 108 Viviendas\t\t<\/h3>\n\t\t\t\t<\/div>\n\t\t\t\t<\/a>\n\t\t<\/article>\n\t\t\t\t<article class=\"elementor-portfolio-item elementor-post elementor-filter-28 post-5262 cyb_projects type-cyb_projects status-publish has-post-thumbnail hentry tax_project_types-calculo_estructural\" role=\"listitem\">\n\t\t\t<a class=\"elementor-post__thumbnail__link\" href=\"https:\/\/cybim.es\/wordpress\/cyb_projects\/torre-de-cristal\/\">\n\t\t\t\t<div class=\"elementor-portfolio-item__img elementor-post__thumbnail\">\n\t\t\t<img loading=\"lazy\" decoding=\"async\" width=\"1234\" height=\"720\" src=\"https:\/\/cybim.es\/wordpress\/wp-content\/uploads\/2004-TDC-Cubierta-4.png\" class=\"attachment-full size-full wp-image-1283\" alt=\"\" srcset=\"https:\/\/cybim.es\/wordpress\/wp-content\/uploads\/2004-TDC-Cubierta-4.png 1234w, https:\/\/cybim.es\/wordpress\/wp-content\/uploads\/2004-TDC-Cubierta-4-300x175.png 300w, https:\/\/cybim.es\/wordpress\/wp-content\/uploads\/2004-TDC-Cubierta-4-1024x597.png 1024w, https:\/\/cybim.es\/wordpress\/wp-content\/uploads\/2004-TDC-Cubierta-4-768x448.png 768w\" sizes=\"(max-width: 1234px) 100vw, 1234px\" \/>\t\t<\/div>\n\t\t\t\t<div class=\"elementor-portfolio-item__overlay\">\n\t\t\t\t<h3 class=\"elementor-portfolio-item__title\">\n\t\tTorre de Cristal\t\t<\/h3>\n\t\t\t\t<\/div>\n\t\t\t\t<\/a>\n\t\t<\/article>\n\t\t\t\t<\/div>\n\t\t\t\t\t\t<\/div>\n\t\t\t\t<\/div>\n\t\t\t\t\t<\/div>\n\t\t<\/div>\n\t\t\t\t\t<\/div>\n\t\t<\/section>\n\t\t\t\t<\/div>\n\t\t","protected":false},"excerpt":{"rendered":"<p>ESTRUCTURAS \u2013 OBRA CIVIL Ofrecemos soluciones de ingenier\u00eda usando modelos inteligentes&#8230; Previous Next C\u00c1LCULO ESTRUCTURAL Dise\u00f1o y concepci\u00f3n estructural Ingenier\u00eda B\u00e1sica y de detalle Predimensionamiento de elementos estructurales en licitaciones Reingenier\u00eda de estructuras C\u00e1lculo estructural especializado en plantas industriales Comparativa t\u00e9cnico-econ\u00f3mica de proyectos OBRA CIVIL Estudio de movimientos de tierra,\u00a0 Estudio de caminos de acceso. [&hellip;]<\/p>\n","protected":false},"author":1,"featured_media":0,"parent":0,"menu_order":0,"comment_status":"closed","ping_status":"closed","template":"","meta":{"_acf_changed":false,"footnotes":""},"class_list":["post-3281","page","type-page","status-publish","hentry"],"acf":[],"_links":{"self":[{"href":"https:\/\/cybim.es\/wordpress\/wp-json\/wp\/v2\/pages\/3281","targetHints":{"allow":["GET"]}}],"collection":[{"href":"https:\/\/cybim.es\/wordpress\/wp-json\/wp\/v2\/pages"}],"about":[{"href":"https:\/\/cybim.es\/wordpress\/wp-json\/wp\/v2\/types\/page"}],"author":[{"embeddable":true,"href":"https:\/\/cybim.es\/wordpress\/wp-json\/wp\/v2\/users\/1"}],"replies":[{"embeddable":true,"href":"https:\/\/cybim.es\/wordpress\/wp-json\/wp\/v2\/comments?post=3281"}],"version-history":[{"count":38,"href":"https:\/\/cybim.es\/wordpress\/wp-json\/wp\/v2\/pages\/3281\/revisions"}],"predecessor-version":[{"id":5167,"href":"https:\/\/cybim.es\/wordpress\/wp-json\/wp\/v2\/pages\/3281\/revisions\/5167"}],"wp:attachment":[{"href":"https:\/\/cybim.es\/wordpress\/wp-json\/wp\/v2\/media?parent=3281"}],"curies":[{"name":"wp","href":"https:\/\/api.w.org\/{rel}","templated":true}]}}