{"id":3513,"date":"2022-01-04T01:09:08","date_gmt":"2022-01-04T01:09:08","guid":{"rendered":"https:\/\/cybim.es\/wordpress\/?page_id=3513"},"modified":"2022-01-04T01:11:26","modified_gmt":"2022-01-04T01:11:26","slug":"es0106_sv_industrial","status":"publish","type":"page","link":"https:\/\/cybim.es\/wordpress\/es0106_sv_industrial\/","title":{"rendered":"ES0106_SV_Industrial"},"content":{"rendered":"\t\t<div data-elementor-type=\"wp-page\" data-elementor-id=\"3513\" class=\"elementor elementor-3513\" data-elementor-post-type=\"page\">\n\t\t\t\t\t\t<section class=\"has_eae_slider elementor-section elementor-top-section elementor-element elementor-element-66896ce elementor-section-height-full elementor-section-boxed elementor-section-height-default elementor-section-items-middle elementor-invisible\" data-eae-slider=\"32969\" data-id=\"66896ce\" data-element_type=\"section\" data-e-type=\"section\" data-settings=\"{&quot;background_background&quot;:&quot;classic&quot;,&quot;animation&quot;:&quot;fadeIn&quot;,&quot;animation_delay&quot;:500}\">\n\t\t\t\t\t\t<div class=\"elementor-container elementor-column-gap-no\">\n\t\t\t\t\t<div class=\"has_eae_slider elementor-column elementor-col-50 elementor-top-column elementor-element elementor-element-d0e78d4\" data-eae-slider=\"52333\" data-id=\"d0e78d4\" data-element_type=\"column\" data-e-type=\"column\" data-settings=\"{&quot;background_background&quot;:&quot;classic&quot;}\">\n\t\t\t<div class=\"elementor-widget-wrap elementor-element-populated\">\n\t\t\t\t\t\t<section class=\"has_eae_slider elementor-section elementor-inner-section elementor-element elementor-element-0e742b7 animated-slow elementor-section-content-middle elementor-section-boxed elementor-section-height-default elementor-section-height-default\" data-eae-slider=\"29291\" data-id=\"0e742b7\" data-element_type=\"section\" data-e-type=\"section\" data-settings=\"{&quot;animation&quot;:&quot;none&quot;,&quot;animation_delay&quot;:2500}\">\n\t\t\t\t\t\t<div class=\"elementor-container elementor-column-gap-default\">\n\t\t\t\t\t<div class=\"has_eae_slider elementor-column elementor-col-50 elementor-inner-column elementor-element elementor-element-9b77588\" data-eae-slider=\"15187\" data-id=\"9b77588\" data-element_type=\"column\" data-e-type=\"column\">\n\t\t\t<div class=\"elementor-widget-wrap elementor-element-populated\">\n\t\t\t\t\t\t<div class=\"elementor-element elementor-element-3650854 elementor-widget elementor-widget-heading\" data-id=\"3650854\" data-element_type=\"widget\" data-e-type=\"widget\" data-widget_type=\"heading.default\">\n\t\t\t\t\t<h1 class=\"elementor-heading-title elementor-size-default\">Ingenier\u00eda Industrial<\/h1>\t\t\t\t<\/div>\n\t\t\t\t\t<\/div>\n\t\t<\/div>\n\t\t\t\t<div class=\"has_eae_slider elementor-column elementor-col-50 elementor-inner-column elementor-element elementor-element-c7ce22d\" data-eae-slider=\"43701\" data-id=\"c7ce22d\" data-element_type=\"column\" data-e-type=\"column\">\n\t\t\t<div class=\"elementor-widget-wrap elementor-element-populated\">\n\t\t\t\t\t\t<div class=\"elementor-element elementor-element-194e15d elementor-widget elementor-widget-asvg_upload_free\" data-id=\"194e15d\" data-element_type=\"widget\" data-e-type=\"widget\" data-settings=\"{&quot;shadow_add&quot;:&quot;no&quot;,&quot;shadow_add_hover&quot;:&quot;no&quot;}\" data-widget_type=\"asvg_upload_free.default\">\n\t\t\t\t<div class=\"elementor-widget-container\">\n\t\t\t\t\t\nWarning: Undefined array key \"anim_renderer\" in \/volume2\/web_packages\/wordpress\/wp-content\/plugins\/animated-svg\/inc\/elementor-widgets\/upload-free.php on line 1052\n\t\t<style>\n\t\t#asvg-lottie69d0a04b84639 path {\n\t\t\ttransition-property: stroke-width, stroke;\n\t\t\ttransition-duration: 3s;\n\t\t}\n\t\tsvg {\n\t\t\ttransition-property: filter;\n\t\t\ttransition-duration: 3s;\n\t\t\tz-index: 0;\n\t\t}\n\t\t.asvg-lotties-animation-wrapper, .asvg-asvg-lottie69d0a04b84639 {\n\t\t\ttransition-duration: 3s;\n\t\t}\n\t\t<\/style><div id=\"asvg-lottie69d0a04b84639\" class=\"asvg-lotties-animation-wrapper asvg-asvg-lottie69d0a04b84639  align-center \"  style=\"margin-right: auto;margin-left: auto;\" data-id=\"asvg-lottie69d0a04b84639\" data-path=\"https:\/\/assets10.lottiefiles.com\/private_files\/lf30_mnZRTk.json\" data-loop=\"19\" data-width=\"100px\" data-height=\"\" data-playspeed=\"1\" data-play_action=\"autoplay\" data-scrollbased=\"custom\" data-section_duration=\"500\" data-section_offset=\"0\" data-start_time=\"\" data-end_time=\"\"><\/div>\t\t\t\t<\/div>\n\t\t\t\t<\/div>\n\t\t\t\t\t<\/div>\n\t\t<\/div>\n\t\t\t\t\t<\/div>\n\t\t<\/section>\n\t\t\t\t<div class=\"elementor-element elementor-element-7e62294 elementor-widget elementor-widget-text-editor\" data-id=\"7e62294\" data-element_type=\"widget\" data-e-type=\"widget\" data-widget_type=\"text-editor.default\">\n\t\t\t\t\t\t\t\t\t<p><span style=\"letter-spacing: 0.8px; color: #003366;\">\u00a0<\/span><\/p><p><span style=\"color: #003366;\"><span style=\"letter-spacing: 0.8px;\">En <strong>CYB<span style=\"color: #ff0000;\">i<\/span>M,\u00a0<\/strong>ofrecemos nuestra experiencia en instalaciones industriale<\/span><span style=\"letter-spacing: 0.8px; font-family: var( --e-global-typography-accent-font-family ), Sans-serif; font-size: var( --e-global-typography-accent-font-size ); font-style: var( --e-global-typography-accent-font-style ); font-weight: var( --e-global-typography-accent-font-weight ); background-color: var( --e-global-color-secondary );\">s,\u00a0<\/span><\/span><span style=\"color: #003366; font-family: var( --e-global-typography-accent-font-family ), Sans-serif; font-size: var( --e-global-typography-accent-font-size ); font-style: var( --e-global-typography-accent-font-style ); font-weight: var( --e-global-typography-accent-font-weight ); letter-spacing: var( --e-global-typography-accent-letter-spacing ); background-color: var( --e-global-color-secondary );\">colaborando con nuestros clientes en proyectos de ampliaci\u00f3n y mejora de las instalaciones existentes, dise\u00f1ando nuevas soluciones que faciliten un incremento de la producci\u00f3n y una reducci\u00f3n de costes.\u00a0<\/span><\/p><p><span style=\"background-color: var( --e-global-color-secondary ); color: #003366; font-family: var( --e-global-typography-accent-font-family ), Sans-serif; font-size: var( --e-global-typography-accent-font-size ); font-style: var( --e-global-typography-accent-font-style ); font-weight: var( --e-global-typography-accent-font-weight ); letter-spacing: 0.8px;\">D<\/span><span style=\"background-color: var( --e-global-color-secondary ); color: #003366; font-family: var( --e-global-typography-accent-font-family ), Sans-serif; font-size: var( --e-global-typography-accent-font-size ); font-style: var( --e-global-typography-accent-font-style ); font-weight: var( --e-global-typography-accent-font-weight ); letter-spacing: 0.8px;\">entro de la disciplina civil y estructural, tanto en Ingenier\u00eda b\u00e1sica como de detalle soluciones de:<\/span><\/p><p><span style=\"letter-spacing: 0.8px; font-family: var( --e-global-typography-accent-font-family ), Sans-serif; font-size: var( --e-global-typography-accent-font-size ); font-style: var( --e-global-typography-accent-font-style ); font-weight: var( --e-global-typography-accent-font-weight ); background-color: var( --e-global-color-secondary ); color: #003366;\">\u2013 CIMENTACIONES DE TANQUES Y EQUIPOS<\/span><\/p><p><span style=\"letter-spacing: 0.8px; background-color: var( --e-global-color-secondary ); color: #003366;\">\u2013 SOPORTES DE TUBER\u00cdAS Y PIPING<\/span><\/p><p><span style=\"letter-spacing: 0.8px; background-color: var( --e-global-color-secondary ); color: #003366;\">\u2013 INFORMES T\u00c9CNICOS<\/span><\/p><p><span style=\"letter-spacing: 0.8px; color: #003366;\">\u2013 MEDICI\u00d3NES Y REQUISICIONES DE MATERIAL<\/span><\/p>\t\t\t\t\t\t\t\t<\/div>\n\t\t\t\t<section class=\"has_eae_slider elementor-section elementor-inner-section elementor-element elementor-element-8a5cb79 elementor-section-height-min-height elementor-hidden-desktop elementor-hidden-tablet elementor-section-boxed elementor-section-height-default\" data-eae-slider=\"33161\" data-id=\"8a5cb79\" data-element_type=\"section\" data-e-type=\"section\" data-settings=\"{&quot;motion_fx_motion_fx_scrolling&quot;:&quot;yes&quot;,&quot;motion_fx_opacity_effect&quot;:&quot;yes&quot;,&quot;motion_fx_opacity_direction&quot;:&quot;in-out&quot;,&quot;motion_fx_opacity_range&quot;:{&quot;unit&quot;:&quot;%&quot;,&quot;size&quot;:&quot;&quot;,&quot;sizes&quot;:{&quot;start&quot;:70,&quot;end&quot;:100}},&quot;animation&quot;:&quot;none&quot;,&quot;background_background&quot;:&quot;slideshow&quot;,&quot;background_slideshow_gallery&quot;:[{&quot;id&quot;:1138,&quot;url&quot;:&quot;https:\\\/\\\/cybim.es\\\/wordpress\\\/wp-content\\\/uploads\\\/5529-Pasarela-Torre-de-Prill-MONTAJE-1.png&quot;},{&quot;id&quot;:1139,&quot;url&quot;:&quot;https:\\\/\\\/cybim.es\\\/wordpress\\\/wp-content\\\/uploads\\\/5529-Pasarela-Torre-de-Prill-MONTAJE-2.png&quot;},{&quot;id&quot;:144,&quot;url&quot;:&quot;https:\\\/\\\/cybim.es\\\/wordpress\\\/wp-content\\\/uploads\\\/2021\\\/10\\\/5532-vista-general.png&quot;},{&quot;id&quot;:143,&quot;url&quot;:&quot;https:\\\/\\\/cybim.es\\\/wordpress\\\/wp-content\\\/uploads\\\/2021\\\/10\\\/INTECSA-Pry-Reganosa.jpg&quot;},{&quot;id&quot;:1143,&quot;url&quot;:&quot;https:\\\/\\\/cybim.es\\\/wordpress\\\/wp-content\\\/uploads\\\/5461-Economizador-2.png&quot;},{&quot;id&quot;:141,&quot;url&quot;:&quot;https:\\\/\\\/cybim.es\\\/wordpress\\\/wp-content\\\/uploads\\\/2021\\\/10\\\/cribas_Pagina_5.png&quot;},{&quot;id&quot;:140,&quot;url&quot;:&quot;https:\\\/\\\/cybim.es\\\/wordpress\\\/wp-content\\\/uploads\\\/2021\\\/10\\\/cribas_Pagina_4.png&quot;},{&quot;id&quot;:134,&quot;url&quot;:&quot;https:\\\/\\\/cybim.es\\\/wordpress\\\/wp-content\\\/uploads\\\/2021\\\/10\\\/3D-View-1.jpg&quot;},{&quot;id&quot;:146,&quot;url&quot;:&quot;https:\\\/\\\/cybim.es\\\/wordpress\\\/wp-content\\\/uploads\\\/2021\\\/10\\\/cd000031.jpg&quot;}],&quot;background_slideshow_loop&quot;:&quot;yes&quot;,&quot;background_slideshow_slide_duration&quot;:5000,&quot;background_slideshow_slide_transition&quot;:&quot;fade&quot;,&quot;background_slideshow_transition_duration&quot;:500,&quot;motion_fx_opacity_level&quot;:{&quot;unit&quot;:&quot;px&quot;,&quot;size&quot;:10,&quot;sizes&quot;:[]},&quot;motion_fx_devices&quot;:[&quot;desktop&quot;,&quot;tablet&quot;,&quot;mobile&quot;]}\">\n\t\t\t\t\t\t<div class=\"elementor-container elementor-column-gap-no\">\n\t\t\t\t\t<div class=\"has_eae_slider elementor-column elementor-col-33 elementor-inner-column elementor-element elementor-element-ee827d1\" data-eae-slider=\"12664\" data-id=\"ee827d1\" data-element_type=\"column\" data-e-type=\"column\">\n\t\t\t<div class=\"elementor-widget-wrap\">\n\t\t\t\t\t\t\t<\/div>\n\t\t<\/div>\n\t\t\t\t<div class=\"has_eae_slider elementor-column elementor-col-33 elementor-inner-column elementor-element elementor-element-db2d937\" data-eae-slider=\"74832\" data-id=\"db2d937\" data-element_type=\"column\" data-e-type=\"column\">\n\t\t\t<div class=\"elementor-widget-wrap\">\n\t\t\t\t\t\t\t<\/div>\n\t\t<\/div>\n\t\t\t\t<div class=\"has_eae_slider elementor-column elementor-col-33 elementor-inner-column elementor-element elementor-element-8bff517\" data-eae-slider=\"28404\" data-id=\"8bff517\" data-element_type=\"column\" data-e-type=\"column\">\n\t\t\t<div class=\"elementor-widget-wrap\">\n\t\t\t\t\t\t\t<\/div>\n\t\t<\/div>\n\t\t\t\t\t<\/div>\n\t\t<\/section>\n\t\t\t\t\t<\/div>\n\t\t<\/div>\n\t\t\t\t<div class=\"has_eae_slider elementor-column elementor-col-50 elementor-top-column elementor-element elementor-element-2b5bafe\" data-eae-slider=\"82831\" data-id=\"2b5bafe\" data-element_type=\"column\" data-e-type=\"column\" data-settings=\"{&quot;background_background&quot;:&quot;classic&quot;}\">\n\t\t\t<div class=\"elementor-widget-wrap elementor-element-populated\">\n\t\t\t\t\t\t<section class=\"has_eae_slider elementor-section elementor-inner-section elementor-element elementor-element-926841d elementor-section-height-full elementor-hidden-phone elementor-section-boxed elementor-section-height-default\" data-eae-slider=\"22650\" data-id=\"926841d\" data-element_type=\"section\" data-e-type=\"section\" data-settings=\"{&quot;motion_fx_motion_fx_scrolling&quot;:&quot;yes&quot;,&quot;motion_fx_opacity_effect&quot;:&quot;yes&quot;,&quot;motion_fx_opacity_direction&quot;:&quot;in-out&quot;,&quot;motion_fx_opacity_range&quot;:{&quot;unit&quot;:&quot;%&quot;,&quot;size&quot;:&quot;&quot;,&quot;sizes&quot;:{&quot;start&quot;:70,&quot;end&quot;:100}},&quot;animation&quot;:&quot;none&quot;,&quot;background_background&quot;:&quot;slideshow&quot;,&quot;background_slideshow_gallery&quot;:[{&quot;id&quot;:1138,&quot;url&quot;:&quot;https:\\\/\\\/cybim.es\\\/wordpress\\\/wp-content\\\/uploads\\\/5529-Pasarela-Torre-de-Prill-MONTAJE-1.png&quot;},{&quot;id&quot;:1139,&quot;url&quot;:&quot;https:\\\/\\\/cybim.es\\\/wordpress\\\/wp-content\\\/uploads\\\/5529-Pasarela-Torre-de-Prill-MONTAJE-2.png&quot;},{&quot;id&quot;:144,&quot;url&quot;:&quot;https:\\\/\\\/cybim.es\\\/wordpress\\\/wp-content\\\/uploads\\\/2021\\\/10\\\/5532-vista-general.png&quot;},{&quot;id&quot;:143,&quot;url&quot;:&quot;https:\\\/\\\/cybim.es\\\/wordpress\\\/wp-content\\\/uploads\\\/2021\\\/10\\\/INTECSA-Pry-Reganosa.jpg&quot;},{&quot;id&quot;:1367,&quot;url&quot;:&quot;https:\\\/\\\/cybim.es\\\/wordpress\\\/wp-content\\\/uploads\\\/ETAP-Mahouane-ARQUETA-MEP.png&quot;},{&quot;id&quot;:1143,&quot;url&quot;:&quot;https:\\\/\\\/cybim.es\\\/wordpress\\\/wp-content\\\/uploads\\\/5461-Economizador-2.png&quot;},{&quot;id&quot;:141,&quot;url&quot;:&quot;https:\\\/\\\/cybim.es\\\/wordpress\\\/wp-content\\\/uploads\\\/2021\\\/10\\\/cribas_Pagina_5.png&quot;},{&quot;id&quot;:140,&quot;url&quot;:&quot;https:\\\/\\\/cybim.es\\\/wordpress\\\/wp-content\\\/uploads\\\/2021\\\/10\\\/cribas_Pagina_4.png&quot;},{&quot;id&quot;:134,&quot;url&quot;:&quot;https:\\\/\\\/cybim.es\\\/wordpress\\\/wp-content\\\/uploads\\\/2021\\\/10\\\/3D-View-1.jpg&quot;},{&quot;id&quot;:146,&quot;url&quot;:&quot;https:\\\/\\\/cybim.es\\\/wordpress\\\/wp-content\\\/uploads\\\/2021\\\/10\\\/cd000031.jpg&quot;}],&quot;background_slideshow_loop&quot;:&quot;yes&quot;,&quot;background_slideshow_slide_duration&quot;:5000,&quot;background_slideshow_slide_transition&quot;:&quot;fade&quot;,&quot;background_slideshow_transition_duration&quot;:500,&quot;motion_fx_opacity_level&quot;:{&quot;unit&quot;:&quot;px&quot;,&quot;size&quot;:10,&quot;sizes&quot;:[]},&quot;motion_fx_devices&quot;:[&quot;desktop&quot;,&quot;tablet&quot;,&quot;mobile&quot;]}\">\n\t\t\t\t\t\t<div class=\"elementor-container elementor-column-gap-no\">\n\t\t\t\t\t<div class=\"has_eae_slider elementor-column elementor-col-33 elementor-inner-column elementor-element elementor-element-5b2f19c\" data-eae-slider=\"38109\" data-id=\"5b2f19c\" data-element_type=\"column\" data-e-type=\"column\">\n\t\t\t<div class=\"elementor-widget-wrap elementor-element-populated\">\n\t\t\t\t\t\t<div class=\"elementor-element elementor-element-0a0d538 elementor-hidden-tablet elementor-hidden-phone elementor-widget elementor-widget-wts-shape-separator\" data-id=\"0a0d538\" data-element_type=\"widget\" data-e-type=\"widget\" data-settings=\"{&quot;motion_fx_motion_fx_scrolling&quot;:&quot;yes&quot;,&quot;motion_fx_translateX_effect&quot;:&quot;yes&quot;,&quot;motion_fx_translateX_speed&quot;:{&quot;unit&quot;:&quot;px&quot;,&quot;size&quot;:5,&quot;sizes&quot;:[]},&quot;motion_fx_translateX_affectedRange&quot;:{&quot;unit&quot;:&quot;%&quot;,&quot;size&quot;:&quot;&quot;,&quot;sizes&quot;:{&quot;start&quot;:52,&quot;end&quot;:100}},&quot;motion_fx_devices&quot;:[&quot;desktop&quot;,&quot;tablet&quot;,&quot;mobile&quot;]}\" data-widget_type=\"wts-shape-separator.default\">\n\t\t\t\t<div class=\"elementor-widget-container\">\n\t\t\t\t\t<svg xmlns=\"http:\/\/www.w3.org\/2000\/svg\" version=\"1.1\" fill=\"\" width=\"100%\" height=\"90\" viewBox=\"0 0 50 50\" stroke=\"\" stroke-width=\"1\" preserveAspectRatio=\"none\" style=\"height: 750px;\">\n\t<polygon points=\"0,0 0,50 50,50\"><\/polygon>\n<\/svg>\n\t\t\t\t<\/div>\n\t\t\t\t<\/div>\n\t\t\t\t\t<\/div>\n\t\t<\/div>\n\t\t\t\t<div class=\"has_eae_slider elementor-column elementor-col-33 elementor-inner-column elementor-element elementor-element-1142b88\" data-eae-slider=\"65695\" data-id=\"1142b88\" data-element_type=\"column\" data-e-type=\"column\">\n\t\t\t<div class=\"elementor-widget-wrap\">\n\t\t\t\t\t\t\t<\/div>\n\t\t<\/div>\n\t\t\t\t<div class=\"has_eae_slider elementor-column elementor-col-33 elementor-inner-column elementor-element elementor-element-c1dfedb\" data-eae-slider=\"34627\" data-id=\"c1dfedb\" data-element_type=\"column\" data-e-type=\"column\">\n\t\t\t<div class=\"elementor-widget-wrap elementor-element-populated\">\n\t\t\t\t\t\t<div class=\"elementor-element elementor-element-6fd0837 elementor-hidden-tablet elementor-hidden-phone elementor-widget elementor-widget-wts-shape-separator\" data-id=\"6fd0837\" data-element_type=\"widget\" data-e-type=\"widget\" data-settings=\"{&quot;motion_fx_motion_fx_scrolling&quot;:&quot;yes&quot;,&quot;motion_fx_translateX_effect&quot;:&quot;yes&quot;,&quot;motion_fx_translateX_direction&quot;:&quot;negative&quot;,&quot;motion_fx_translateX_speed&quot;:{&quot;unit&quot;:&quot;px&quot;,&quot;size&quot;:7,&quot;sizes&quot;:[]},&quot;motion_fx_translateX_affectedRange&quot;:{&quot;unit&quot;:&quot;%&quot;,&quot;size&quot;:&quot;&quot;,&quot;sizes&quot;:{&quot;start&quot;:50,&quot;end&quot;:100}},&quot;motion_fx_devices&quot;:[&quot;desktop&quot;,&quot;tablet&quot;,&quot;mobile&quot;]}\" data-widget_type=\"wts-shape-separator.default\">\n\t\t\t\t<div class=\"elementor-widget-container\">\n\t\t\t\t\t<svg xmlns=\"http:\/\/www.w3.org\/2000\/svg\" version=\"1.1\" fill=\"\" width=\"100%\" height=\"90\" viewBox=\"0 0 50 50\" preserveAspectRatio=\"none\" style=\"height: 750px;\">\n\t<polygon class=\"fil0\" points=\"0,0 50,0 50,50\"><\/polygon>\n<\/svg>\n\t\t\t\t<\/div>\n\t\t\t\t<\/div>\n\t\t\t\t\t<\/div>\n\t\t<\/div>\n\t\t\t\t\t<\/div>\n\t\t<\/section>\n\t\t\t\t\t<\/div>\n\t\t<\/div>\n\t\t\t\t\t<\/div>\n\t\t<\/section>\n\t\t\t\t<\/div>\n\t\t","protected":false},"excerpt":{"rendered":"<p>Ingenier\u00eda Industrial \u00a0 En CYBiM,\u00a0ofrecemos nuestra experiencia en instalaciones industriales,\u00a0colaborando con nuestros clientes en proyectos de ampliaci\u00f3n y mejora de las instalaciones existentes, dise\u00f1ando nuevas soluciones que faciliten un incremento de la producci\u00f3n y una reducci\u00f3n de costes.\u00a0 Dentro de la disciplina civil y estructural, tanto en Ingenier\u00eda b\u00e1sica como de detalle soluciones de: \u2013 [&hellip;]<\/p>\n","protected":false},"author":1,"featured_media":0,"parent":0,"menu_order":0,"comment_status":"closed","ping_status":"closed","template":"","meta":{"_acf_changed":false,"footnotes":""},"class_list":["post-3513","page","type-page","status-publish","hentry"],"acf":[],"_links":{"self":[{"href":"https:\/\/cybim.es\/wordpress\/wp-json\/wp\/v2\/pages\/3513","targetHints":{"allow":["GET"]}}],"collection":[{"href":"https:\/\/cybim.es\/wordpress\/wp-json\/wp\/v2\/pages"}],"about":[{"href":"https:\/\/cybim.es\/wordpress\/wp-json\/wp\/v2\/types\/page"}],"author":[{"embeddable":true,"href":"https:\/\/cybim.es\/wordpress\/wp-json\/wp\/v2\/users\/1"}],"replies":[{"embeddable":true,"href":"https:\/\/cybim.es\/wordpress\/wp-json\/wp\/v2\/comments?post=3513"}],"version-history":[{"count":4,"href":"https:\/\/cybim.es\/wordpress\/wp-json\/wp\/v2\/pages\/3513\/revisions"}],"predecessor-version":[{"id":3522,"href":"https:\/\/cybim.es\/wordpress\/wp-json\/wp\/v2\/pages\/3513\/revisions\/3522"}],"wp:attachment":[{"href":"https:\/\/cybim.es\/wordpress\/wp-json\/wp\/v2\/media?parent=3513"}],"curies":[{"name":"wp","href":"https:\/\/api.w.org\/{rel}","templated":true}]}}